{"id":3,"date":"2018-08-13T23:34:28","date_gmt":"2018-08-13T21:34:28","guid":{"rendered":"http:\/\/domucie.webd.pl\/JW\/hostel\/?page_id=3"},"modified":"2018-11-07T16:43:22","modified_gmt":"2018-11-07T15:43:22","slug":"privacy-policy","status":"publish","type":"page","link":"https:\/\/kapsulahostel.pl\/en\/privacy-policy\/","title":{"rendered":"Privacy policy"},"content":{"rendered":"<h1 class=\"entry-title main_title\"><\/h1>\n<div class=\"entry-content\">\n<h2>Informacja o przetwarzaniu danych osobowych<\/h2>\n<h3>Informacja og\u00f3lna<\/h3>\n<p>Pani\/Pana dane osobowe s\u0105 przetwarzane zgodnie z rozporz\u0105dzeniem Parlamentu Europejskiego i Rady (UE) 2016\/679 z dnia 27 kwietnia 2016 r. w sprawie ochrony os\u00f3b fizycznych w zwi\u0105zku z przetwarzaniem danych osobowych i w sprawie swobodnego przep\u0142ywu takich danych oraz uchylenia dyrektywy 95\/46\/WE, zwanym dalej \u201cRODO\u201d.<\/p>\n<p>Dobrowolno\u015b\u0107 przekazania danych osobowych<\/p>\n<p>Podanie Pani\/Pana danych osobowych jest dobrowolne. Niepodanie danych b\u0119dzie\u00a0skutkowa\u0107 brakiem mo\u017cliwo\u015bci przetwarzania Pani\/Pana danych osobowych w celu marketingu produkt\u00f3w i us\u0142ug, w tym brakiem mo\u017cliwo\u015bci otrzymania oferty\u00a0handlowej w po\u017c\u0105danej formie.<\/p>\n<h3>Administrator danych osobowych<\/h3>\n<p>Administratorem Pani\/Pana danych osobowych jest Kapsu\u0142a Hostel Warszawa sp. z o.o.w organizacji sp\u00f3\u0142ka komandytowa\u00a0 z siedzib\u0105 w Warszawie, ul. Dowcip 4, 00-051 Warszawa, zwana dalej \u201cAdministratorem\u201d.<\/p>\n<p>W sprawach zwi\u0105zanych z przetwarzaniem danych, w tym w celu realizacji swoich praw, o kt\u00f3rych mowa poni\u017cej, mo\u017ce si\u0119 Pani \/ Pan kontaktowa\u0107 si\u0119 z nami pod adresem e-mail: rodo@kapsulahostel.pl lub korespondencyjnie na adres\u00a0Kapsu\u0142a Hostel Warszawa sp. z o.o.w organizacji sp\u00f3\u0142ka komandytowa\u00a0 z siedzib\u0105 w Warszawie, ul. Dowcip 4, 00-051 Warszawa.<\/p>\n<h3>Kategorie przetwarzanych danych osobowych i cel przetwarzania<\/h3>\n<p>Kategorie przetwarzanych danych osobowych obejmuj\u0105 dane kontaktowe i dane dotycz\u0105ce preferencji zakupowych, w tym informacji o Pani\/Pana aktywno\u015bci na stronie internetowej. Pani\/Pana dane osobowe b\u0119d\u0105 przetwarzane w celu marketingu produkt\u00f3w i us\u0142ug na podstawie Pani\/Pana zgody, w tym w celu przekazywania ofert handlowych.<\/p>\n<h3>Czas przechowywania danych osobowych<\/h3>\n<p>Pani\/Pana dane osobowe b\u0119d\u0105 przechowywane przez okres niezb\u0119dny do realizacji cel\u00f3w, do kt\u00f3rych zosta\u0142y zebrane lub do kt\u00f3rych s\u0105 przetwarzane.<\/p>\n<h3>Udost\u0119pnianie danych osobowych<\/h3>\n<p>Dane osobowe mog\u0105 by\u0107 udost\u0119pniane pracownikom lub wsp\u00f3\u0142pracownikom Administratora, podmiotom udzielaj\u0105cym wsparcia Administratorowi na zasadzie zleconych us\u0142ug i zgodnie z zawartymi umowami powierzenia, jak r\u00f3wnie\u017c podmiotom uprawnionym do ich otrzymania na podstawie przepis\u00f3w prawa (np. s\u0105dom, organom ochrony prawnej, organom nadzoru); Pani\/Pana dane osobowe nie b\u0119d\u0105 przekazywane do pa\u0144stw z siedzib\u0105 spoza Europejskiego Obszaru Gospodarczego.<\/p>\n<h3>Uprawnienia<\/h3>\n<p>Przys\u0142uguj\u0105 Pani\/Panu nast\u0119puj\u0105ce uprawnienia:<\/p>\n<ul>\n<li>prawo dost\u0119pu do Pani\/Pana danych, ich poprawiania, \u017c\u0105dania usuni\u0119cia lub przeniesienia oraz ograniczenia przetwarzania danych,<\/li>\n<li>prawo do wniesienia sprzeciwu wobec przetwarzania danych,<\/li>\n<li>prawo do cofni\u0119cia zgody na przetwarzanie danych w dowolnym momencie bez wp\u0142ywu na zgodno\u015b\u0107 z prawem przetwarzania, kt\u00f3rego dokonano na podstawie zgody przed jej cofni\u0119ciem.<\/li>\n<\/ul>\n<p>Przys\u0142uguje Pani\/Panu r\u00f3wnie\u017c prawo wniesienia skargi do organu nadzorczego zajmuj\u0105cego si\u0119 ochron\u0105 danych osobowych (Prezes Urz\u0119du Ochrony Danych Osobowych).<\/p>\n<h3>Profilowanie<\/h3>\n<p>Administrator, w celu dostarczenia Pani\/Panu informacji o produktach i us\u0142ugach, kt\u00f3rych nabyciem mo\u017ce by\u0107 Pani\/Pan najbardziej zainteresowana\/y, mo\u017ce dokonywa\u0107 automatycznego przetwarzania danych osobowych (profilowania), w tym informacji o Pani\/Pana aktywno\u015bci na stronie internetowej oraz informacji dotycz\u0105cych Pani\/Pana zachowa\u0144, zainteresowa\u0144 lub preferencji, w\u0142\u0105czaj\u0105c zautomatyzowane podejmowanie decyzji np. co do ofert specjalnych.<\/p>\n<\/div>\n","protected":false},"excerpt":{"rendered":"<p>Informacja o przetwarzaniu danych osobowych Informacja og\u00f3lna Pani\/Pana dane osobowe s\u0105 przetwarzane zgodnie z rozporz\u0105dzeniem Parlamentu Europejskiego i Rady (UE) 2016\/679 z dnia 27 kwietnia 2016 r. w sprawie ochrony os\u00f3b fizycznych w zwi\u0105zku z przetwarzaniem danych osobowych i w sprawie swobodnego przep\u0142ywu takich danych oraz uchylenia dyrektywy 95\/46\/WE, zwanym dalej \u201cRODO\u201d. Dobrowolno\u015b\u0107 przekazania danych [&hellip;]<\/p>\n","protected":false},"author":1,"featured_media":0,"parent":0,"menu_order":0,"comment_status":"closed","ping_status":"open","template":"","meta":{"footnotes":""},"class_list":["post-3","page","type-page","status-publish","hentry"],"_links":{"self":[{"href":"https:\/\/kapsulahostel.pl\/en\/wp-json\/wp\/v2\/pages\/3","targetHints":{"allow":["GET"]}}],"collection":[{"href":"https:\/\/kapsulahostel.pl\/en\/wp-json\/wp\/v2\/pages"}],"about":[{"href":"https:\/\/kapsulahostel.pl\/en\/wp-json\/wp\/v2\/types\/page"}],"author":[{"embeddable":true,"href":"https:\/\/kapsulahostel.pl\/en\/wp-json\/wp\/v2\/users\/1"}],"replies":[{"embeddable":true,"href":"https:\/\/kapsulahostel.pl\/en\/wp-json\/wp\/v2\/comments?post=3"}],"version-history":[{"count":4,"href":"https:\/\/kapsulahostel.pl\/en\/wp-json\/wp\/v2\/pages\/3\/revisions"}],"predecessor-version":[{"id":465,"href":"https:\/\/kapsulahostel.pl\/en\/wp-json\/wp\/v2\/pages\/3\/revisions\/465"}],"wp:attachment":[{"href":"https:\/\/kapsulahostel.pl\/en\/wp-json\/wp\/v2\/media?parent=3"}],"curies":[{"name":"wp","href":"https:\/\/api.w.org\/{rel}","templated":true}]}}