{"id":9,"date":"2018-08-17T19:04:55","date_gmt":"2018-08-17T17:04:55","guid":{"rendered":"http:\/\/domucie.webd.pl\/JW\/hostel\/?page_id=9"},"modified":"2026-01-20T10:08:19","modified_gmt":"2026-01-20T09:08:19","slug":"strona-glowna","status":"publish","type":"page","link":"https:\/\/kapsulahostel.pl\/en\/","title":{"rendered":"Home"},"content":{"rendered":"<p>[et_pb_section fb_built=&#8221;1&#8243; admin_label=&#8221;Hero Section&#8221; _builder_version=&#8221;3.0.106&#8243; custom_padding=&#8221;0|0px|0px|0px&#8221;][et_pb_row use_custom_width=&#8221;on&#8221; width_unit=&#8221;off&#8221; custom_width_percent=&#8221;100%&#8221; use_custom_gutter=&#8221;on&#8221; custom_padding=&#8221;0px|0|0px|&#8221; make_equal=&#8221;on&#8221; background_color_2=&#8221;#121212&#8243; bg_img_2=&#8221;https:\/\/kapsulahostel.pl\/wp-content\/uploads\/2018\/09\/kapsula_hostel_warszawa_3.jpg&#8221; use_background_color_gradient_2=&#8221;on&#8221; background_color_gradient_start_2=&#8221;rgba(18,18,18,0)&#8221; background_color_gradient_end_2=&#8221;#686868&#8243; background_color_gradient_overlays_image_2=&#8221;on&#8221; padding_top_1=&#8221;200px&#8221; padding_top_2=&#8221;100px&#8221; padding_right_1=&#8221;4%&#8221; padding_bottom_1=&#8221;200px&#8221; padding_bottom_2=&#8221;100px&#8221; padding_left_1=&#8221;8%&#8221; padding_1_tablet=&#8221;60px|10%|60px|10%&#8221; padding_2_tablet=&#8221;60px||60px|&#8221; padding_1_last_edited=&#8221;on|tablet&#8221; padding_2_last_edited=&#8221;on|desktop&#8221; _builder_version=&#8221;3.10.2&#8243;][et_pb_column type=&#8221;1_2&#8243; _builder_version=&#8221;3.0.47&#8243; padding_tablet=&#8221;60px|10%|60px|10%&#8221; padding_last_edited=&#8221;on|tablet&#8221; padding_bottom=&#8221;200px&#8221; padding_left=&#8221;8%&#8221; padding_right=&#8221;4%&#8221; padding_top=&#8221;200px&#8221; parallax=&#8221;off&#8221; parallax_method=&#8221;on&#8221;][et_pb_text _builder_version=&#8221;3.10.2&#8243; text_text_color=&#8221;#e02b20&#8243; header_text_color=&#8221;#e02b20&#8243; header_3_font=&#8221;Lato|700||on|||||&#8221; header_3_text_color=&#8221;#e02b20&#8243; header_3_font_size=&#8221;16px&#8221; header_3_letter_spacing=&#8221;1px&#8221; background_layout=&#8221;dark&#8221; max_width=&#8221;600px&#8221; module_alignment=&#8221;left&#8221; custom_margin=&#8221;||20px|&#8221; locked=&#8221;off&#8221;]<\/p>\n<h3 id=\"tw-target-text\" class=\"tw-data-text tw-ta tw-text-medium\" dir=\"ltr\" data-placeholder=\"T\u0142umaczenie\"><span lang=\"en\">hostel of the future<\/span><\/h3>\n<p>[\/et_pb_text][et_pb_text _builder_version=&#8221;3.10.2&#8243; text_font=&#8221;Lato||||||||&#8221; text_font_size=&#8221;18px&#8221; text_line_height=&#8221;1.8em&#8221; header_font=&#8221;Lato||||||||&#8221; header_font_size=&#8221;56px&#8221; header_font_size_tablet=&#8221;40px&#8221; header_font_size_last_edited=&#8221;on|tablet&#8221; header_line_height=&#8221;1.4em&#8221; header_2_font=&#8221;Lato||||||||&#8221; header_2_font_size=&#8221;46px&#8221; max_width=&#8221;600px&#8221; locked=&#8221;off&#8221;]<\/p>\n<h1>Capsule Hostel<\/h1>\n<h2>in the centre of Warsaw<\/h2>\n<p>Capsule Hostel is located in the very center of Warsaw. Just one kilometre from Palace of Culture and Science and 2 kilometres from Old Town Square. Nearby the hostel there are restaurants, pubs, clubs and Coffeehouses that are worth recommending.[\/et_pb_text][et_pb_button button_url=&#8221;https:\/\/kapsulahostel.pl\/en\/about-us\/&#8221; button_text=&#8221;About us&#8221; _builder_version=&#8221;3.10.2&#8243; custom_button=&#8221;on&#8221; button_text_size=&#8221;13px&#8221; button_text_color=&#8221;#ffffff&#8221; button_bg_color=&#8221;#e02b20&#8243; button_border_width=&#8221;4px&#8221; button_border_color=&#8221;#e02b20&#8243; button_border_radius=&#8221;0px&#8221; button_letter_spacing=&#8221;2px&#8221; button_font=&#8221;Lato|700||on|||||&#8221; button_letter_spacing_hover=&#8221;2px&#8221; background_layout=&#8221;dark&#8221; custom_padding=&#8221;10px||10px|&#8221; locked=&#8221;off&#8221;][\/et_pb_button][\/et_pb_column][et_pb_column type=&#8221;1_2&#8243; _builder_version=&#8221;3.0.47&#8243; padding_tablet=&#8221;60px||60px|&#8221; padding_last_edited=&#8221;on|desktop&#8221; padding_bottom=&#8221;100px&#8221; padding_top=&#8221;100px&#8221; bg_img=&#8221;https:\/\/kapsulahostel.pl\/wp-content\/uploads\/2018\/09\/kapsula_hostel_warszawa_3.jpg&#8221; background_color=&#8221;#121212&#8243; parallax=&#8221;off&#8221; parallax_method=&#8221;on&#8221; use_background_color_gradient=&#8221;on&#8221; background_color_gradient_start=&#8221;rgba(18,18,18,0)&#8221; background_color_gradient_end=&#8221;#686868&#8243; background_color_gradient_overlays_image=&#8221;on&#8221;][et_pb_image src=&#8221;https:\/\/kapsulahostel.pl\/en\/wp-content\/uploads\/2024\/05\/2024_04_12_MEDIOVO_KAPSULA_Hostel_V2-41.jpg&#8221; _builder_version=&#8221;3.10.2&#8243; box_shadow_style=&#8221;preset3&#8243; box_shadow_blur=&#8221;80px&#8221; max_width=&#8221;600px&#8221; max_width_last_edited=&#8221;on|desktop&#8221; custom_margin=&#8221;|||-8%&#8221; custom_margin_tablet=&#8221;60px|60px|60px|60px&#8221; custom_margin_last_edited=&#8221;on|desktop&#8221; custom_padding=&#8221;|||&#8221; animation_style=&#8221;slide&#8221; animation_direction=&#8221;right&#8221; animation_intensity_slide=&#8221;4%&#8221; animation_starting_opacity=&#8221;50%&#8221;][\/et_pb_image][\/et_pb_column][\/et_pb_row][\/et_pb_section][et_pb_section fb_built=&#8221;1&#8243; admin_label=&#8221;Welcome &#038; About Us&#8221; _builder_version=&#8221;3.10.2&#8243; background_color=&#8221;rgba(18,18,18,0.63)&#8221; custom_padding=&#8221;2.6%|0px|3.4%|0px|false|false&#8221;][et_pb_row _builder_version=&#8221;3.0.106&#8243;][et_pb_column type=&#8221;1_3&#8243; _builder_version=&#8221;3.0.47&#8243; parallax=&#8221;off&#8221; parallax_method=&#8221;on&#8221;][et_pb_blurb title=&#8221;Safety&#8221; _builder_version=&#8221;3.10.2&#8243; header_font=&#8221;Lato||||||||&#8221; header_font_size=&#8221;24px&#8221; header_line_height=&#8221;1.8em&#8221; body_font=&#8221;Lato||||||||&#8221; body_text_color=&#8221;rgba(255,255,255,0.7)&#8221; body_font_size=&#8221;16px&#8221; body_line_height=&#8221;1.8em&#8221; text_orientation=&#8221;center&#8221; background_layout=&#8221;dark&#8221; animation=&#8221;off&#8221;]Each capsule is equipped with automatic roller-blind. Building and the outside of the building are CCVT monitored. It guarantees yours and your luggage safety.[\/et_pb_blurb][\/et_pb_column][et_pb_column type=&#8221;1_3&#8243; _builder_version=&#8221;3.0.47&#8243; parallax=&#8221;off&#8221; parallax_method=&#8221;on&#8221;][et_pb_blurb title=&#8221;Comfort&#8221; circle_color=&#8221;rgba(0,0,0,0)&#8221; _builder_version=&#8221;3.10.2&#8243; header_font=&#8221;Lato||||||||&#8221; header_font_size=&#8221;24px&#8221; header_line_height=&#8221;1.8em&#8221; body_font=&#8221;Lato||||||||&#8221; body_text_color=&#8221;rgba(255,255,255,0.7)&#8221; body_font_size=&#8221;16px&#8221; body_line_height=&#8221;1.8em&#8221; text_orientation=&#8221;center&#8221; background_layout=&#8221;dark&#8221; animation=&#8221;off&#8221;]Cubicles are equipped with power socket, lightning, pocket sprung mattress, bedding, upholstered wall giving comfy support for back while sitting and free Wifi.[\/et_pb_blurb][\/et_pb_column][et_pb_column type=&#8221;1_3&#8243; _builder_version=&#8221;3.0.47&#8243; parallax=&#8221;off&#8221; parallax_method=&#8221;on&#8221;][et_pb_blurb title=&#8221; Attractive price &#8221; circle_color=&#8221;rgba(0,0,0,0)&#8221; _builder_version=&#8221;3.10.2&#8243; header_font=&#8221;Lato||||||||&#8221; header_font_size=&#8221;24px&#8221; header_line_height=&#8221;1.8em&#8221; body_font=&#8221;Lato||||||||&#8221; body_text_color=&#8221;rgba(255,255,255,0.7)&#8221; body_font_size=&#8221;16px&#8221; body_line_height=&#8221;1.8em&#8221; text_orientation=&#8221;center&#8221; background_layout=&#8221;dark&#8221; animation=&#8221;off&#8221;]SPECIAL OFFER<br \/>\nThe cost of one night in one person capsule<\/p>\n<h2>from 69 PLN\/night<\/h2>\n<p>[\/et_pb_blurb][\/et_pb_column][\/et_pb_row][\/et_pb_section][et_pb_section fb_built=&#8221;1&#8243; admin_label=&#8221;Hero Section&#8221; _builder_version=&#8221;3.0.106&#8243; custom_padding=&#8221;0|0px|0px|0px&#8221; locked=&#8221;off&#8221;][et_pb_row use_custom_width=&#8221;on&#8221; width_unit=&#8221;off&#8221; custom_width_percent=&#8221;100%&#8221; custom_padding=&#8221;0px|0|0px|&#8221; custom_margin=&#8221;|||&#8221; make_equal=&#8221;on&#8221; bg_img_1=&#8221;https:\/\/kapsulahostel.pl\/wp-content\/uploads\/2018\/09\/kapsula_hostel_warszawa_1.jpg&#8221; use_background_color_gradient_1=&#8221;on&#8221; use_background_color_gradient_2=&#8221;off&#8221; background_color_gradient_start_1=&#8221;rgba(17,17,17,0.33)&#8221; background_color_gradient_start_2=&#8221;rgba(0,0,0,0.4)&#8221; background_color_gradient_end_1=&#8221;#686868&#8243; background_color_gradient_end_2=&#8221;#000000&#8243; background_color_gradient_overlays_image_1=&#8221;on&#8221; background_color_gradient_overlays_image_2=&#8221;on&#8221; padding_top_1=&#8221;100px&#8221; padding_top_2=&#8221;100px&#8221; padding_right_2=&#8221;8%&#8221; padding_bottom_1=&#8221;100px&#8221; padding_bottom_2=&#8221;100px&#8221; padding_left_2=&#8221;4%&#8221; padding_1_tablet=&#8221;60px||60px|&#8221; padding_2_tablet=&#8221;60px|10%|60px|10%&#8221; padding_1_last_edited=&#8221;on|tablet&#8221; padding_2_last_edited=&#8221;on|phone&#8221; _builder_version=&#8221;3.10.2&#8243;][et_pb_column type=&#8221;1_2&#8243; _builder_version=&#8221;3.0.47&#8243; padding_tablet=&#8221;60px||60px|&#8221; padding_last_edited=&#8221;on|tablet&#8221; padding_bottom=&#8221;100px&#8221; padding_top=&#8221;100px&#8221; bg_img=&#8221;https:\/\/kapsulahostel.pl\/wp-content\/uploads\/2018\/09\/kapsula_hostel_warszawa_1.jpg&#8221; parallax=&#8221;off&#8221; parallax_method=&#8221;on&#8221; use_background_color_gradient=&#8221;on&#8221; background_color_gradient_start=&#8221;rgba(17,17,17,0.33)&#8221; background_color_gradient_end=&#8221;#686868&#8243; background_color_gradient_overlays_image=&#8221;on&#8221;][et_pb_image src=&#8221;https:\/\/kapsulahostel.pl\/en\/wp-content\/uploads\/2024\/05\/2024_04_12_MEDIOVO_KAPSULA_Hostel_V2-79.jpg&#8221; _builder_version=&#8221;3.10.2&#8243; box_shadow_style=&#8221;preset3&#8243; box_shadow_blur=&#8221;80px&#8221; max_width_last_edited=&#8221;off|desktop&#8221; module_alignment=&#8221;center&#8221; custom_margin=&#8221;|-10%||20%&#8221; custom_margin_tablet=&#8221;|10%||10%&#8221; custom_margin_last_edited=&#8221;on|phone&#8221; custom_padding=&#8221;|||&#8221; animation_style=&#8221;slide&#8221; animation_direction=&#8221;right&#8221; animation_intensity_slide=&#8221;4%&#8221; animation_starting_opacity=&#8221;50%&#8221;][\/et_pb_image][\/et_pb_column][et_pb_column type=&#8221;1_2&#8243; _builder_version=&#8221;3.0.47&#8243; padding_tablet=&#8221;60px|10%|60px|10%&#8221; padding_last_edited=&#8221;on|phone&#8221; padding_bottom=&#8221;100px&#8221; padding_left=&#8221;4%&#8221; padding_right=&#8221;8%&#8221; padding_top=&#8221;100px&#8221; parallax=&#8221;off&#8221; parallax_method=&#8221;on&#8221; use_background_color_gradient=&#8221;off&#8221; background_color_gradient_start=&#8221;rgba(0,0,0,0.4)&#8221; background_color_gradient_end=&#8221;#000000&#8243; background_color_gradient_overlays_image=&#8221;on&#8221;][et_pb_text _builder_version=&#8221;3.10.2&#8243; header_3_font=&#8221;Lato|700||on|||||&#8221; header_3_text_color=&#8221;#e02b20&#8243; header_3_font_size=&#8221;16px&#8221; header_3_letter_spacing=&#8221;1px&#8221; background_layout=&#8221;dark&#8221; module_alignment=&#8221;right&#8221; custom_margin=&#8221;40px||20px|&#8221; locked=&#8221;off&#8221;]<\/p>\n<h3>Where are we?<\/h3>\n<p>[\/et_pb_text][et_pb_divider divider_weight=&#8221;2px&#8221; height=&#8221;2px&#8221; _builder_version=&#8221;3.10.2&#8243; max_width=&#8221;150px&#8221; custom_margin=&#8221;|||&#8221; custom_padding=&#8221;|||-60px&#8221; custom_padding_tablet=&#8221;|0px||&#8221; custom_padding_last_edited=&#8221;off|desktop&#8221; locked=&#8221;off&#8221;][\/et_pb_divider][et_pb_text _builder_version=&#8221;3.10.2&#8243; text_font=&#8221;Lato||||||||&#8221; text_font_size=&#8221;18px&#8221; text_line_height=&#8221;1.8em&#8221; header_2_font=&#8221;Lato||||||||&#8221; header_2_font_size=&#8221;40px&#8221; header_2_line_height=&#8221;1.4em&#8221; max_width=&#8221;600px&#8221; locked=&#8221;off&#8221;]<\/p>\n<h2><\/h2>\n<p>Hostel is located at Dowcip (meaning \u2018joke\u2019) street, in the very center of Warsaw \u2013 yes, it\u2019s not a joke. Nearby the hostel there are restaurants, pubs, clubs and Coffeehouses that are worth recommending. The hostel is easily reachable via subway from any place in Warsaw and then with just few minute walk from nearby subway station. It is also a walking distance (10-15 minutes) from Warsaw Central Railway Station via one of the nicest streets in Warsaw.[\/et_pb_text][et_pb_button button_url=&#8221;https:\/\/kapsulahostel.pl\/en\/contact\/&#8221; button_text=&#8221;Localisation&#8221; _builder_version=&#8221;3.10.2&#8243; custom_button=&#8221;on&#8221; button_text_size=&#8221;13px&#8221; button_text_color=&#8221;#ffffff&#8221; button_bg_color=&#8221;#e02b20&#8243; button_border_width=&#8221;4px&#8221; button_border_color=&#8221;#e02b20&#8243; button_border_radius=&#8221;0px&#8221; button_letter_spacing=&#8221;2px&#8221; button_font=&#8221;Lato|700||on|||||&#8221; button_letter_spacing_hover=&#8221;2px&#8221; background_layout=&#8221;dark&#8221; custom_padding=&#8221;10px||10px|&#8221; locked=&#8221;off&#8221;][\/et_pb_button][\/et_pb_column][\/et_pb_row][\/et_pb_section][et_pb_section fb_built=&#8221;1&#8243; admin_label=&#8221;Welcome &#038; About Us&#8221; _builder_version=&#8221;3.10.2&#8243; background_color=&#8221;#686868&#8243; custom_padding=&#8221;100px|0px|100px|0px&#8221;][\/et_pb_section][et_pb_section fb_built=&#8221;1&#8243; _builder_version=&#8221;3.10.2&#8243;][et_pb_row _builder_version=&#8221;3.10.2&#8243;][et_pb_column type=&#8221;4_4&#8243; _builder_version=&#8221;3.0.47&#8243; parallax=&#8221;off&#8221; parallax_method=&#8221;on&#8221;][et_pb_cta title=&#8221;Don\u2019t wait! Book now!&#8221; _builder_version=&#8221;3.10.2&#8243;]Use our online booking system and already today secure cheap, comfortable and safe accommodation in the &nbsp;centre of Warsaw.[\/et_pb_cta][et_pb_button button_url=&#8221;https:\/\/kapsulahostel.pl\/en\/offer#reservations&#8221; button_text=&#8221;Make a booking &#8221; button_alignment=&#8221;center&#8221; _builder_version=&#8221;3.10.2&#8243; custom_button=&#8221;on&#8221; button_text_size=&#8221;13px&#8221; button_text_color=&#8221;#e02b20&#8243; button_border_color=&#8221;#e02b20&#8243; button_border_radius=&#8221;0px&#8221; button_letter_spacing=&#8221;2px&#8221; button_font=&#8221;Lato|700||on|||||&#8221; button_bg_color_hover=&#8221;rgba(0,0,0,0)&#8221; button_letter_spacing_hover=&#8221;2px&#8221; custom_padding=&#8221;10px|30px|10px|30px||true&#8221; locked=&#8221;off&#8221;][\/et_pb_button][\/et_pb_column][\/et_pb_row][\/et_pb_section][et_pb_section fb_built=&#8221;1&#8243; admin_label=&#8221;Contact&#8221; _builder_version=&#8221;3.0.106&#8243; background_color=&#8221;#1b1b1b&#8221; custom_padding=&#8221;100px|0px|100px|0px|false|false&#8221; global_module=&#8221;96&#8243; saved_tabs=&#8221;all&#8221;][et_pb_row _builder_version=&#8221;3.0.106&#8243;][et_pb_column type=&#8221;1_3&#8243; _builder_version=&#8221;3.0.47&#8243; parallax=&#8221;off&#8221; parallax_method=&#8221;on&#8221;][et_pb_text _builder_version=&#8221;3.10.2&#8243; text_font=&#8221;Lato||||||||&#8221; text_text_color=&#8221;rgba(255,255,255,0.7)&#8221; text_font_size=&#8221;18px&#8221; text_line_height=&#8221;1.8em&#8221; header_2_font=&#8221;Lato||||||||&#8221; header_2_font_size=&#8221;40px&#8221; header_2_line_height=&#8221;1.4em&#8221; background_layout=&#8221;dark&#8221; max_width=&#8221;600px&#8221; locked=&#8221;off&#8221;]<\/p>\n<h2>Want to know more?<\/h2>\n<p>Have questions? Suggestions? Maybe you just want to talk with us? Feel free to write, call or just use the contact form.<\/p>\n<h3>\u00a0<\/h3>\n<h3><a href=\"tel:+48%20605 082 335\"><strong><span style=\"color: rgba(224, 43, 32, 0.701961);\">+48 605 082 335<\/span><\/strong><\/a><\/h3>\n<p><a href=\"mailto:kontakt@kapsulahostel.pl\"><strong>kontakt@kapsulahostel.pl<\/strong><\/a><br \/><b><\/b><\/p>\n<p><b>Dowcip 4, 00-051 Warsaw, Poland\u00a0<\/b><\/p>\n<p><span style=\"font-size: 18px;\"><\/span><a href=\"https:\/\/kapsulahostel.pl\/en\/regulations\/\" style=\"font-size: 18px;\"><b>Regulations for Capsule Hostel<\/b><\/a><\/p>\n<p>[\/et_pb_text][\/et_pb_column][et_pb_column type=&#8221;2_3&#8243; _builder_version=&#8221;3.0.47&#8243; parallax=&#8221;off&#8221; parallax_method=&#8221;on&#8221;][et_pb_contact_form captcha=&#8221;off&#8221; email=&#8221;kontakt@kapsulahostel.pl&#8221; success_message=&#8221;Message sent, thanks!&#8221; submit_button_text=&#8221;Send&#8221; form_background_color=&#8221;#242424&#8243; module_id=&#8221;et_pb_contact_form_0&#8243; _builder_version=&#8221;3.10.2&#8243; form_field_font=&#8221;Lato||||||||&#8221; form_field_text_color=&#8221;rgba(255,255,255,0.5)&#8221; form_field_font_size=&#8221;16px&#8221; custom_button=&#8221;on&#8221; button_text_size=&#8221;15px&#8221; button_text_color=&#8221;#ffffff&#8221; button_border_width=&#8221;0px&#8221; button_letter_spacing=&#8221;1px&#8221; button_font=&#8221;Lato|700||on|||||&#8221; button_icon=&#8221;%%42%%&#8221; button_icon_placement=&#8221;left&#8221; button_on_hover=&#8221;off&#8221; button_letter_spacing_hover=&#8221;1px&#8221; custom_padding=&#8221;|||&#8221;][et_pb_contact_field field_id=&#8221;Name&#8221; field_title=&#8221;Your Name&#8221; _builder_version=&#8221;3.10.2&#8243; border_radii=&#8221;on||||&#8221;][\/et_pb_contact_field][et_pb_contact_field field_id=&#8221;Email&#8221; field_title=&#8221;Your Email Address&#8221; field_type=&#8221;email&#8221; _builder_version=&#8221;3.10.2&#8243; border_radii=&#8221;on||||&#8221;][\/et_pb_contact_field][et_pb_contact_field field_id=&#8221;Message&#8221; field_title=&#8221;Message&#8221; field_type=&#8221;text&#8221; fullwidth_field=&#8221;on&#8221; _builder_version=&#8221;3.10.2&#8243; border_radii=&#8221;on||||&#8221;][\/et_pb_contact_field][et_pb_contact_field field_id=&#8221;zgody_2&#8243; field_title=&#8221; &#8221; field_type=&#8221;checkbox&#8221; checkbox_options=&#8221;%91{%22value%22:%22I agree that my personal data will be processed. %22,%22checked%22:0}%93&#8243; fullwidth_field=&#8221;on&#8221; _builder_version=&#8221;3.10.2&#8243; form_field_font=&#8221;||||||||&#8221; form_field_font_size=&#8221;12px&#8221; form_field_font_size_tablet=&#8221;12px&#8221; form_field_font_size_phone=&#8221;12px&#8221;][\/et_pb_contact_field][et_pb_contact_field field_id=&#8221;zgody&#8221; field_title=&#8221; &#8221; field_type=&#8221;checkbox&#8221; checkbox_options=&#8221;%91{%22value%22:%22I give consent to processing and sharing of my personal data to Kapsu\u0142a Hostel Warszawa sp. z o.o w organizacji sp. k. for direct marketing in accordance with Art. 172a of the Act of 16 January 2004 on Telecommunications law (Journal of Laws of 2014, item 243, as amended), in particular the management of commercial information by e-mail and telephone. The administrator of personal data is Kapsu\u0142a Hostel Warszawa sp. z o.o w organizacji sp. k. We would like to inform you that you are entitled to access and correct your data as well as to remove your consent by sending email to rodo@kapsulahostel.pl%22,%22checked%22:0}%93&#8243; required_mark=&#8221;off&#8221; fullwidth_field=&#8221;on&#8221; _builder_version=&#8221;3.10.2&#8243; form_field_font=&#8221;||||||||&#8221; form_field_font_size=&#8221;12px&#8221; form_field_font_size_tablet=&#8221;12px&#8221; form_field_font_size_phone=&#8221;12px&#8221;][\/et_pb_contact_field][\/et_pb_contact_form][\/et_pb_column][\/et_pb_row][et_pb_row _builder_version=&#8221;3.10.2&#8243;][et_pb_column type=&#8221;4_4&#8243; _builder_version=&#8221;3.10.2&#8243; parallax=&#8221;off&#8221; parallax_method=&#8221;on&#8221;][et_pb_text _builder_version=&#8221;3.10.2&#8243; text_font=&#8221;||||||||&#8221; text_text_color=&#8221;#ffffff&#8221; text_font_size=&#8221;13px&#8221;]<\/p>\n<div style=\"text-align: center;\"><b>Kapsu\u0142a Hostel Warszawa Sp. z o. o. sp. k.<\/b><\/div>\n<div style=\"text-align: center;\"><span>realizuje projekt PN. \u201eDywersyfikacja dzia\u0142alno\u015bci firmy Kapsu\u0142a Hostel Warszawa Sp. z o. o. sp. k. dzia\u0142aj\u0105cej w sektorze hotelarstwo (HoReCa) w sektor turystyki w regionie mazowieckim poprzez inwestycje w baz\u0119 us\u0142ugow\u0105\u201d.<\/span><\/div>\n<p style=\"text-align: center;\">Dofinansowanie projektu z UE:\u00a0<b>508.553,10 PLN<\/b><\/p>\n<p>[\/et_pb_text][\/et_pb_column][\/et_pb_row][et_pb_row _builder_version=&#8221;3.10.2&#8243;][et_pb_column type=&#8221;4_4&#8243; _builder_version=&#8221;3.10.2&#8243; parallax=&#8221;off&#8221; parallax_method=&#8221;on&#8221;][et_pb_image src=&#8221;https:\/\/kapsulahostel.pl\/en\/wp-content\/uploads\/2025\/09\/KPO_naklejka_wersja-podstawowa.jpg&#8221; align=&#8221;center&#8221; _builder_version=&#8221;3.10.2&#8243;][\/et_pb_image][\/et_pb_column][\/et_pb_row][\/et_pb_section]<\/p>\n","protected":false},"excerpt":{"rendered":"<p>[et_pb_section fb_built=&#8221;1&#8243; admin_label=&#8221;Hero Section&#8221; _builder_version=&#8221;3.0.106&#8243; custom_padding=&#8221;0|0px|0px|0px&#8221;][et_pb_row use_custom_width=&#8221;on&#8221; width_unit=&#8221;off&#8221; custom_width_percent=&#8221;100%&#8221; use_custom_gutter=&#8221;on&#8221; custom_padding=&#8221;0px|0|0px|&#8221; make_equal=&#8221;on&#8221; background_color_2=&#8221;#121212&#8243; bg_img_2=&#8221;https:\/\/kapsulahostel.pl\/wp-content\/uploads\/2018\/09\/kapsula_hostel_warszawa_3.jpg&#8221; use_background_color_gradient_2=&#8221;on&#8221; background_color_gradient_start_2=&#8221;rgba(18,18,18,0)&#8221; background_color_gradient_end_2=&#8221;#686868&#8243; background_color_gradient_overlays_image_2=&#8221;on&#8221; padding_top_1=&#8221;200px&#8221; padding_top_2=&#8221;100px&#8221; padding_right_1=&#8221;4%&#8221; padding_bottom_1=&#8221;200px&#8221; padding_bottom_2=&#8221;100px&#8221; padding_left_1=&#8221;8%&#8221; padding_1_tablet=&#8221;60px|10%|60px|10%&#8221; padding_2_tablet=&#8221;60px||60px|&#8221; padding_1_last_edited=&#8221;on|tablet&#8221; padding_2_last_edited=&#8221;on|desktop&#8221; _builder_version=&#8221;3.10.2&#8243;][et_pb_column type=&#8221;1_2&#8243; _builder_version=&#8221;3.0.47&#8243; padding_tablet=&#8221;60px|10%|60px|10%&#8221; padding_last_edited=&#8221;on|tablet&#8221; padding_bottom=&#8221;200px&#8221; padding_left=&#8221;8%&#8221; padding_right=&#8221;4%&#8221; padding_top=&#8221;200px&#8221; parallax=&#8221;off&#8221; parallax_method=&#8221;on&#8221;][et_pb_text _builder_version=&#8221;3.10.2&#8243; text_text_color=&#8221;#e02b20&#8243; header_text_color=&#8221;#e02b20&#8243; header_3_font=&#8221;Lato|700||on|||||&#8221; header_3_text_color=&#8221;#e02b20&#8243; header_3_font_size=&#8221;16px&#8221; header_3_letter_spacing=&#8221;1px&#8221; background_layout=&#8221;dark&#8221; max_width=&#8221;600px&#8221; module_alignment=&#8221;left&#8221; custom_margin=&#8221;||20px|&#8221; locked=&#8221;off&#8221;] hostel of the future [&hellip;]<\/p>\n","protected":false},"author":1,"featured_media":0,"parent":0,"menu_order":0,"comment_status":"closed","ping_status":"closed","template":"","meta":{"footnotes":""},"class_list":["post-9","page","type-page","status-publish","hentry"],"_links":{"self":[{"href":"https:\/\/kapsulahostel.pl\/en\/wp-json\/wp\/v2\/pages\/9","targetHints":{"allow":["GET"]}}],"collection":[{"href":"https:\/\/kapsulahostel.pl\/en\/wp-json\/wp\/v2\/pages"}],"about":[{"href":"https:\/\/kapsulahostel.pl\/en\/wp-json\/wp\/v2\/types\/page"}],"author":[{"embeddable":true,"href":"https:\/\/kapsulahostel.pl\/en\/wp-json\/wp\/v2\/users\/1"}],"replies":[{"embeddable":true,"href":"https:\/\/kapsulahostel.pl\/en\/wp-json\/wp\/v2\/comments?post=9"}],"version-history":[{"count":69,"href":"https:\/\/kapsulahostel.pl\/en\/wp-json\/wp\/v2\/pages\/9\/revisions"}],"predecessor-version":[{"id":629,"href":"https:\/\/kapsulahostel.pl\/en\/wp-json\/wp\/v2\/pages\/9\/revisions\/629"}],"wp:attachment":[{"href":"https:\/\/kapsulahostel.pl\/en\/wp-json\/wp\/v2\/media?parent=9"}],"curies":[{"name":"wp","href":"https:\/\/api.w.org\/{rel}","templated":true}]}}